{"id":105,"date":"2026-03-04T19:35:47","date_gmt":"2026-03-04T18:35:47","guid":{"rendered":"https:\/\/etudiant33.webuco.fr\/?page_id=105"},"modified":"2026-04-13T19:29:20","modified_gmt":"2026-04-13T17:29:20","slug":"rose-cao","status":"publish","type":"page","link":"https:\/\/etudiant33.webuco.fr\/index.php\/intervenants\/rose-cao\/","title":{"rendered":"Rose Cao\u00a0"},"content":{"rendered":"\n<div class=\"wp-block-cover is-light\"><img loading=\"lazy\" decoding=\"async\" width=\"800\" height=\"600\" class=\"wp-block-cover__image-background wp-image-153 size-full\" alt=\"\" src=\"https:\/\/etudiant33.webuco.fr\/wp-content\/uploads\/2026\/03\/24nguoivietdautiendoatgiaitrienlamhoadanhgiathegioi_gbnn-1.jpg\" style=\"object-position:40% 42%\" data-object-fit=\"cover\" data-object-position=\"40% 42%\" srcset=\"https:\/\/etudiant33.webuco.fr\/wp-content\/uploads\/2026\/03\/24nguoivietdautiendoatgiaitrienlamhoadanhgiathegioi_gbnn-1.jpg 800w, https:\/\/etudiant33.webuco.fr\/wp-content\/uploads\/2026\/03\/24nguoivietdautiendoatgiaitrienlamhoadanhgiathegioi_gbnn-1-300x225.jpg 300w, https:\/\/etudiant33.webuco.fr\/wp-content\/uploads\/2026\/03\/24nguoivietdautiendoatgiaitrienlamhoadanhgiathegioi_gbnn-1-768x576.jpg 768w\" sizes=\"auto, (max-width: 800px) 100vw, 800px\" \/><span aria-hidden=\"true\" class=\"wp-block-cover__background has-background-dim-30 has-background-dim\" style=\"background-color:#9d9283\"><\/span><div class=\"wp-block-cover__inner-container is-layout-constrained wp-block-cover-is-layout-constrained\">\n<p class=\"has-text-align-center has-large-font-size\">Rose Cao<\/p>\n\n\n\n<h3 class=\"gb-text gb-text-90a59e3f\"><a href=\"https:\/\/etudiant33.webuco.fr\/index.php\/initiation-a-likebana\/\" data-type=\"page\" data-id=\"167\">Initiation \u00e0 l\u2019Ikebana<\/a><\/h3>\n\n\n\n<p class=\"has-text-align-center\"><strong>Le 11 et 12 juin<\/strong><\/p>\n\n\n\n<p class=\"has-text-align-center\"><strong>Le samedi \u00e0 12h et le dimanche \u00e0 11h30<\/strong><\/p>\n<\/div><\/div>\n\n\n\n<div class=\"gb-element-0c4308ff\">\n<div class=\"gb-element-d010d3f2\"><\/div>\n\n\n\n<div class=\"gb-element-9b4e6ed8\">\n<p class=\"gb-text gb-text-56fc5318\">Rose Cao est une artiste florale vietnamienne prim\u00e9e \u00e0 plusieurs reprises lors d\u2019\u00e9v\u00e9nements internationaux. Elle est notamment reconnue pour sa cr\u00e9ativit\u00e9 et son \u00e9l\u00e9gance dans la conception de jardins et d\u2019installations florales.&nbsp;<\/p>\n\n\n\n<p><br>Au festival : Elle animera une conf\u00e9rence inspirante sur la cr\u00e9ativit\u00e9 en art floral et proposera une d\u00e9monstration autour des tendances actuelles en design floral international<\/p>\n<\/div>\n<\/div>\n\n\n\n<h3 class=\"gb-text\"><a href=\"https:\/\/etudiant33.webuco.fr\/index.php\/initiation-a-likebana\/\">Initiation \u00e0 l&#8217;Ikebana &#8211; le 11 et 12 juin<\/a><\/h3>\n","protected":false},"excerpt":{"rendered":"<p>Rose Cao est une artiste florale vietnamienne prim\u00e9e \u00e0 plusieurs reprises lors d\u2019\u00e9v\u00e9nements internationaux. Elle est notamment reconnue pour sa cr\u00e9ativit\u00e9 et son \u00e9l\u00e9gance dans la conception de jardins et d\u2019installations florales.&nbsp; Au festival : Elle animera une conf\u00e9rence inspirante sur la cr\u00e9ativit\u00e9 en art floral et proposera une d\u00e9monstration autour des tendances actuelles en &#8230; <a title=\"Rose Cao\u00a0\" class=\"read-more\" href=\"https:\/\/etudiant33.webuco.fr\/index.php\/intervenants\/rose-cao\/\" aria-label=\"Read more about Rose Cao\u00a0\">Read more<\/a><\/p>\n","protected":false},"author":1,"featured_media":0,"parent":18,"menu_order":0,"comment_status":"closed","ping_status":"closed","template":"","meta":{"footnotes":""},"class_list":["post-105","page","type-page","status-publish"],"_links":{"self":[{"href":"https:\/\/etudiant33.webuco.fr\/index.php\/wp-json\/wp\/v2\/pages\/105","targetHints":{"allow":["GET"]}}],"collection":[{"href":"https:\/\/etudiant33.webuco.fr\/index.php\/wp-json\/wp\/v2\/pages"}],"about":[{"href":"https:\/\/etudiant33.webuco.fr\/index.php\/wp-json\/wp\/v2\/types\/page"}],"author":[{"embeddable":true,"href":"https:\/\/etudiant33.webuco.fr\/index.php\/wp-json\/wp\/v2\/users\/1"}],"replies":[{"embeddable":true,"href":"https:\/\/etudiant33.webuco.fr\/index.php\/wp-json\/wp\/v2\/comments?post=105"}],"version-history":[{"count":16,"href":"https:\/\/etudiant33.webuco.fr\/index.php\/wp-json\/wp\/v2\/pages\/105\/revisions"}],"predecessor-version":[{"id":422,"href":"https:\/\/etudiant33.webuco.fr\/index.php\/wp-json\/wp\/v2\/pages\/105\/revisions\/422"}],"up":[{"embeddable":true,"href":"https:\/\/etudiant33.webuco.fr\/index.php\/wp-json\/wp\/v2\/pages\/18"}],"wp:attachment":[{"href":"https:\/\/etudiant33.webuco.fr\/index.php\/wp-json\/wp\/v2\/media?parent=105"}],"curies":[{"name":"wp","href":"https:\/\/api.w.org\/{rel}","templated":true}]}}