{"id":30,"date":"2026-01-21T15:06:28","date_gmt":"2026-01-21T14:06:28","guid":{"rendered":"https:\/\/etudiant33.webuco.fr\/?page_id=30"},"modified":"2026-04-13T19:41:41","modified_gmt":"2026-04-13T17:41:41","slug":"a-propos","status":"publish","type":"page","link":"https:\/\/etudiant33.webuco.fr\/index.php\/a-propos\/","title":{"rendered":"A propos"},"content":{"rendered":"\n<h2 class=\"gb-text gb-text-16cac02b\">Venez d\u00e9couvrir un talent \u00e0 notre festival<\/h2>\n\n\n\n<div class=\"gb-element-8104c48d\">\n<div class=\"gb-element-32da0f95\">\n<h6 class=\"gb-text\"><strong>Une invitation \u00e0 cr\u00e9er<\/strong><\/h6>\n\n\n\n<p class=\"gb-text\">Le Festival du Design Floral r\u00e9v\u00e8le les fleurs comme un v\u00e9ritable langage artistique. Formes, couleurs et textures s\u2019assemblent pour cr\u00e9er des compositions uniques, accessibles \u00e0 tous dans une ambiance conviviale.<\/p>\n\n\n\n<h6 class=\"gb-text\"><strong>Des ateliers pour explorer<\/strong><\/h6>\n\n\n\n<p class=\"gb-text\">Quatre ateliers permettent de d\u00e9couvrir diff\u00e9rentes approches du design floral et d\u2019exp\u00e9rimenter des techniques guid\u00e9es par des experts internationaux.<\/p>\n\n\n\n<h6 class=\"gb-text\"><strong>Quatre visions du floral<\/strong><\/h6>\n\n\n\n<p class=\"gb-text\"><strong>Daniel Ost<\/strong> : compositions architecturales et structur\u00e9es<br><strong>Rosa Cao<\/strong> : approche minimaliste et po\u00e9tique<br><strong>Paul Hervey-Brooks<\/strong> : cr\u00e9ations contemporaines et audacieuses<br><strong>Shane Connolly<\/strong> : design naturel et durable<\/p>\n\n\n\n<p class=\"gb-text\"><\/p>\n<\/div>\n\n\n\n<div class=\"gb-element-e280134c\">\n<p><\/p>\n<\/div>\n<\/div>\n","protected":false},"excerpt":{"rendered":"<p>Venez d\u00e9couvrir un talent \u00e0 notre festival Une invitation \u00e0 cr\u00e9er Le Festival du Design Floral r\u00e9v\u00e8le les fleurs comme un v\u00e9ritable langage artistique. Formes, couleurs et textures s\u2019assemblent pour cr\u00e9er des compositions uniques, accessibles \u00e0 tous dans une ambiance conviviale. Des ateliers pour explorer Quatre ateliers permettent de d\u00e9couvrir diff\u00e9rentes approches du design floral &#8230; <a title=\"A propos\" class=\"read-more\" href=\"https:\/\/etudiant33.webuco.fr\/index.php\/a-propos\/\" aria-label=\"Read more about A propos\">Read more<\/a><\/p>\n","protected":false},"author":1,"featured_media":0,"parent":0,"menu_order":0,"comment_status":"closed","ping_status":"closed","template":"","meta":{"footnotes":""},"class_list":["post-30","page","type-page","status-publish"],"_links":{"self":[{"href":"https:\/\/etudiant33.webuco.fr\/index.php\/wp-json\/wp\/v2\/pages\/30","targetHints":{"allow":["GET"]}}],"collection":[{"href":"https:\/\/etudiant33.webuco.fr\/index.php\/wp-json\/wp\/v2\/pages"}],"about":[{"href":"https:\/\/etudiant33.webuco.fr\/index.php\/wp-json\/wp\/v2\/types\/page"}],"author":[{"embeddable":true,"href":"https:\/\/etudiant33.webuco.fr\/index.php\/wp-json\/wp\/v2\/users\/1"}],"replies":[{"embeddable":true,"href":"https:\/\/etudiant33.webuco.fr\/index.php\/wp-json\/wp\/v2\/comments?post=30"}],"version-history":[{"count":5,"href":"https:\/\/etudiant33.webuco.fr\/index.php\/wp-json\/wp\/v2\/pages\/30\/revisions"}],"predecessor-version":[{"id":434,"href":"https:\/\/etudiant33.webuco.fr\/index.php\/wp-json\/wp\/v2\/pages\/30\/revisions\/434"}],"wp:attachment":[{"href":"https:\/\/etudiant33.webuco.fr\/index.php\/wp-json\/wp\/v2\/media?parent=30"}],"curies":[{"name":"wp","href":"https:\/\/api.w.org\/{rel}","templated":true}]}}